{"id":1076,"date":"2023-02-24T09:43:28","date_gmt":"2023-02-24T08:43:28","guid":{"rendered":"http:\/\/degotte.vps005.visible.be\/privacy-policy\/"},"modified":"2023-09-15T11:26:04","modified_gmt":"2023-09-15T09:26:04","slug":"privacy-policy","status":"publish","type":"page","link":"https:\/\/degotte.com\/en\/privacy-policy\/","title":{"rendered":"Privacy Policy"},"content":{"rendered":"\t\t<div data-elementor-type=\"wp-page\" data-elementor-id=\"1076\" class=\"elementor elementor-1076 elementor-1074\" data-elementor-post-type=\"page\">\n\t\t\t\t\t\t<section class=\"elementor-section elementor-top-section elementor-element elementor-element-1976e44 elementor-section-boxed elementor-section-height-default elementor-section-height-default\" data-id=\"1976e44\" data-element_type=\"section\">\n\t\t\t\t\t\t<div class=\"elementor-container elementor-column-gap-default\">\n\t\t\t\t\t<div class=\"elementor-column elementor-col-100 elementor-top-column elementor-element elementor-element-a7242a6\" data-id=\"a7242a6\" data-element_type=\"column\">\n\t\t\t<div class=\"elementor-widget-wrap elementor-element-populated\">\n\t\t\t\t\t\t<div class=\"elementor-element elementor-element-82f4872 elementor-widget elementor-widget-text-editor\" data-id=\"82f4872\" data-element_type=\"widget\" data-widget_type=\"text-editor.default\">\n\t\t\t\t<div class=\"elementor-widget-container\">\n\t\t\t\t\t\t\t<p><b>Principles relating to the collection of personal data.<\/b><\/p>\n<p><span style=\"font-weight: 400;\">The visitor&#8217;s personal information is processed in accordance with the provisions of the GDPR of 25 May 2018 on the processing of personal data.<\/span><\/p>\n<p><span style=\"font-weight: 400;\">Specifically, this means that:<\/span><\/p>\n<ul>\n<li style=\"font-weight: 400;\" aria-level=\"1\"><span style=\"font-weight: 400;\">Your personal data can only be collected and processed in accordance with the purposes indicated when it is collected.<\/span><\/li>\n<li style=\"font-weight: 400;\" aria-level=\"1\"><span style=\"font-weight: 400;\">You have the right to consult your personal data, in order to check its accuracy and to have any errors corrected, as well as to require its deletion. You may do so by contacting the data controller, whose contact details are provided below.<\/span><\/li>\n<li style=\"font-weight: 400;\" aria-level=\"1\"><span style=\"font-weight: 400;\">Degotte S.A. shall take optimal security measures to avoid third parties misusing the personal data you have provided.<\/span><\/li>\n<li style=\"font-weight: 400;\" aria-level=\"1\"><span style=\"font-weight: 400;\">At no time shall Degotte S.A. transfer the data collected about you to third parties without your prior explicit consent.\u00a0<\/span><\/li>\n<\/ul>\n<p><b>Data controller<\/b><\/p>\n<p><span style=\"font-weight: 400;\">You may make any requests or ask any questions relating to privacy on the website at Degotte S.A.\u2019s postal address. \u2013 Rue de Herm\u00e9e 246, B-4040 Herstal \u2013 +32 4 240 05 25 \u2013 sales@degotte.com<\/span><\/p>\n<p><span style=\"font-weight: 400;\">The person in charge of these questions is:\u00a0Beno\u00eet Keyen<\/span><\/p>\n<p><span style=\"font-weight: 400;\">\u00a0<\/span><\/p>\n<p><b>Use of browsing information for statistical purposes<\/b><\/p>\n<p><span style=\"font-weight: 400;\">When you access the site, the servers consulted automatically collect the following data:<\/span><\/p>\n<ul>\n<li style=\"font-weight: 400;\" aria-level=\"1\"><span style=\"font-weight: 400;\">the date and time of site access<\/span><\/li>\n<li style=\"font-weight: 400;\" aria-level=\"1\"><span style=\"font-weight: 400;\">the pages consulted<\/span><\/li>\n<li style=\"font-weight: 400;\" aria-level=\"1\"><span style=\"font-weight: 400;\">the duration of your visit<\/span><\/li>\n<li style=\"font-weight: 400;\" aria-level=\"1\"><span style=\"font-weight: 400;\">the recurrence of your visits<\/span><\/li>\n<li style=\"font-weight: 400;\" aria-level=\"1\"><span style=\"font-weight: 400;\">the type of browser used<\/span><\/li>\n<li style=\"font-weight: 400;\" aria-level=\"1\"><span style=\"font-weight: 400;\">the platform and\/or operating system installed on your computer<\/span><\/li>\n<li style=\"font-weight: 400;\" aria-level=\"1\"><span style=\"font-weight: 400;\">the search engine and keywords used to find the site<\/span><\/li>\n<li style=\"font-weight: 400;\" aria-level=\"1\"><span style=\"font-weight: 400;\">the geographical area (city)<\/span><\/li>\n<\/ul>\n<p><span style=\"font-weight: 400;\">This information is used solely for the purpose of measuring the number of visitors to the various sections of the website and for making improvements. The statistical tool used to record this data is\u00a0<\/span><a href=\"https:\/\/privacy.google.com\/intl\/fr_fr\/businesses\/compliance\/#?modal_active=none\"><span style=\"font-weight: 400;\">Google Analytics<\/span><\/a><span style=\"font-weight: 400;\">.<\/span><\/p>\n<p><span style=\"font-weight: 400;\">If you wish, you can deactivate the recording of visits to our website using the\u00a0<\/span><a href=\"https:\/\/tools.google.com\/dlpage\/gaoptout?hl=fr\"><span style=\"font-weight: 400;\">module<\/span><\/a><span style=\"font-weight: 400;\">\u00a0provided by Google Analytics.<\/span><\/p>\n<p><span style=\"font-weight: 400;\">At no time do we collect personal data such as first names, surnames, phone numbers, e-mail addresses, IP addresses (anonymised data) or postal addresses, except when you voluntarily fill in a form, to which you have consented and for which the use of the data collected is clearly specified.<\/span><\/p>\n\t\t\t\t\t\t<\/div>\n\t\t\t\t<\/div>\n\t\t\t\t<div class=\"elementor-element elementor-element-a62f7e2 elementor-widget elementor-widget-text-editor\" data-id=\"a62f7e2\" data-element_type=\"widget\" data-widget_type=\"text-editor.default\">\n\t\t\t\t<div class=\"elementor-widget-container\">\n\t\t\t\t\t\t\t<p><b>Use of cookies<\/b><\/p>\n<p><span style=\"font-weight: 400;\">Degotte S.A. may occasionally use &#8216;cookies&#8217; to facilitate your navigation of the site and to optimise its technical management.<\/span><\/p>\n<p><span style=\"font-weight: 400;\">A cookie is a small piece of information saved by a website in a web browser on your computer. This cookie can be retrieved during a later visit to this site. The cookie cannot be read by a website other than the one that created it. The site uses cookies for administrative purposes, for example, to store your preferences for certain types of information so that you do not have to repeat the same keystrokes each time you visit our site.<\/span><\/p>\n<p><span style=\"font-weight: 400;\">Two cookies have been placed on the site:<\/span><\/p>\n<ul>\n<li style=\"font-weight: 400;\" aria-level=\"1\"><span style=\"font-weight: 400;\">Google Analytics (see above)\u00a0<\/span><\/li>\n<li style=\"font-weight: 400;\" aria-level=\"1\"><span style=\"font-weight: 400;\">YouTube<\/span><\/li>\n<\/ul>\n<p><span style=\"font-weight: 400;\">Most of the cookies only work for a session or visit. None of them contain information that makes you likely to be contacted by phone, email or post. You can also configure your browser to inform you each time a cookie is created, or to prevent them being saved.<\/span><\/p>\n<p><b>\u00a0<\/b><\/p>\n<p><b>Social networks &amp; media<\/b><\/p>\n<p><span style=\"font-weight: 400;\">Degotte S.A.\u00a0has developed social media activity through official pages that allow us to communicate and interact with our audience.<\/span><\/p>\n<p><span style=\"font-weight: 400;\">We invite you to discover how these social networks and media comply with the GDPR by consulting their website:<\/span><\/p>\n<ul>\n<li style=\"font-weight: 400;\" aria-level=\"1\"><span style=\"font-weight: 400;\">FACEBOOK:\u00a0<\/span><a href=\"https:\/\/www.facebook.com\/business\/gdpr\"><span style=\"font-weight: 400;\">https:\/\/www.facebook.com\/business\/gdpr<\/span><\/a><\/li>\n<li style=\"font-weight: 400;\" aria-level=\"1\"><span style=\"font-weight: 400;\">LINKEDIN:\u00a0<\/span><a href=\"https:\/\/www.linkedin.com\/help\/linkedin\/answer\/87158\/linkedin-marketing-solutions-et-le-reglement-general-sur-la-protection-des-donnees-rgpd-?lang=fr\"><span style=\"font-weight: 400;\">https:\/\/www.linkedin.com\/help\/linkedin\/answer\/87158\/linkedin-marketing-solutions-et-le-reglement-general-sur-la-protection-des-donnees-rgpd-?lang=fr<\/span><\/a><\/li>\n<li style=\"font-weight: 400;\" aria-level=\"1\"><span style=\"font-weight: 400;\">YOUTUBE:\u00a0<\/span><a href=\"https:\/\/policies.google.com\/privacy?hl=fr&amp;gl=fr\"><span style=\"font-weight: 400;\">https:\/\/policies.google.com\/privacy?hl=fr&amp;gl=fr<\/span><\/a><\/li>\n<li style=\"font-weight: 400;\" aria-level=\"1\"><span style=\"font-weight: 400;\">VIMEO:\u00a0<\/span><a href=\"https:\/\/vimeo.com\/privacy\"><span style=\"font-weight: 400;\">https:\/\/vimeo.com\/privacy<\/span><\/a><span style=\"font-weight: 400;\">\u00a0<\/span><\/li>\n<\/ul>\n<p><span style=\"font-weight: 400;\">Please note that, as a user of these social networks and media, you should have accepted the terms of use set by each one.\u00a0Degotte S.A.\u00a0cannot be held liable for any personal data you may leave on them during visits and interactions via our official accounts and pages.<\/span><\/p>\n<p><span style=\"font-weight: 400;\">\u00a0<\/span><\/p>\n<p><span style=\"font-weight: 400;\">GDPR<\/span><\/p>\n<p><b>\u00a0<\/b><\/p>\n<p><span style=\"font-weight: 400;\">The General Data Protection Regulation (GDPR) is a privacy law enacted by the European Union (EU). It has applied to companies worldwide since 25 May 2018. This regulation defines how an organisation processes or uses the personal data of EU citizens, including organisations located outside the EU.<\/span><\/p>\n<p><span style=\"font-weight: 400;\">Personal data is given which, when used alone or combined with other data, identifies a person.\u00a0<\/span><\/p>\n<p><span style=\"font-weight: 400;\">Degotte S.A. takes the protection of your personal data very seriously. We aim to process it in a lawful, fair and transparent manner, in accordance with the law.\u00a0<\/span><\/p>\n<p><span style=\"font-weight: 400;\">Are you customer, prospective customer, supplier or subcontractor of Degotte S.A.?<\/span><\/p>\n<p><span style=\"font-weight: 400;\">In general, we record the following data:<\/span><\/p>\n<ul>\n<li style=\"font-weight: 400;\" aria-level=\"1\"><span style=\"font-weight: 400;\">first name<\/span><\/li>\n<li style=\"font-weight: 400;\" aria-level=\"1\"><span style=\"font-weight: 400;\">surname<\/span><\/li>\n<li style=\"font-weight: 400;\" aria-level=\"1\"><span style=\"font-weight: 400;\">company\/organisation<\/span><\/li>\n<li style=\"font-weight: 400;\" aria-level=\"1\"><span style=\"font-weight: 400;\">business postal address (street, number, post code, locality and country)<\/span><\/li>\n<li style=\"font-weight: 400;\" aria-level=\"1\"><span style=\"font-weight: 400;\">phone number (landline and\/or mobile)<\/span><\/li>\n<li style=\"font-weight: 400;\" aria-level=\"1\"><span style=\"font-weight: 400;\">e-mail address<\/span><\/li>\n<li style=\"font-weight: 400;\" aria-level=\"1\"><span style=\"font-weight: 400;\">website URL address<\/span><\/li>\n<li style=\"font-weight: 400;\" aria-level=\"1\"><span style=\"font-weight: 400;\">VAT number<\/span><\/li>\n<li style=\"font-weight: 400;\" aria-level=\"1\"><span style=\"font-weight: 400;\">types of services or goods ordered<\/span><\/li>\n<li style=\"font-weight: 400;\" aria-level=\"1\"><span style=\"font-weight: 400;\">dates and amounts of transactions<\/span><\/li>\n<\/ul>\n<p><span style=\"font-weight: 400;\">This information is stored in a database located on a Degotte S.A. secure internal server protected by a firewall, and in a database relating to the use of Software name, online quotation and invoicing software, as well as in the accounting software Software name.<\/span><\/p>\n<p><span style=\"font-weight: 400;\">\u00a0The personal data you provide shall only be used by Degotte S.A. for the following purposes:<\/span><\/p>\n<ul>\n<li style=\"font-weight: 400;\" aria-level=\"1\"><span style=\"font-weight: 400;\">to communicate during assignments that concern us<\/span><\/li>\n<li style=\"font-weight: 400;\" aria-level=\"1\"><span style=\"font-weight: 400;\">to compile the administrative files necessary for the smooth management of our working relationship (quotes, invoices, administrative letters, answers to your various questions)<\/span><\/li>\n<li style=\"font-weight: 400;\" aria-level=\"1\"><span style=\"font-weight: 400;\">to send our newsletters (information on our activities, invitations to our events, promotions and new products, end-of-year greetings and competitions specific to Degotte S.A.)<\/span><\/li>\n<\/ul>\n<p><span style=\"font-weight: 400;\">Under no circumstances shall this data be transferred to, or shared with, third parties without your prior consent, except for the purposes of fulfilling our obligations.<\/span><\/p>\n<p><span style=\"font-weight: 400;\">You have the right to access, rectify or delete your data by sending an email to\u00a0sales@degotte.com.\u00a0You may object to the use of your data for marketing purposes or unsubscribe from our newsletters at any time using the same email address.<\/span><\/p>\n<p><span style=\"font-weight: 400;\">Your personal data shall be stored by Degotte S.A. for an indefinite period of time, provided that our working relationship requires us to remain in contact with you. If our working relationship ends, you are free to expressly request that your data be deleted. Please note, however, that in certain cases, a legal deadline may have to be observed, for example in the light of guidelines issued by the tax authorities.<\/span><\/p>\n<p><span style=\"font-weight: 400;\">The person responsible for processing your data on behalf of Degotte S.A., whose registered office is 246 Rue de Herm\u00e9e, 4040 Herstal, is Beno\u00eet Keyen.<\/span><\/p>\n<p><span style=\"font-weight: 400;\">Are you just visiting the Degotte S.A. website?\u00a0<\/span><\/p>\n<p><span style=\"font-weight: 400;\">Please read the \u2018Privacy\u2019 and \u2018Terms and Conditions\u2019 pages of our website.<\/span><\/p>\n<h2><\/h2>\n\t\t\t\t\t\t<\/div>\n\t\t\t\t<\/div>\n\t\t\t\t\t<\/div>\n\t\t<\/div>\n\t\t\t\t\t<\/div>\n\t\t<\/section>\n\t\t\t\t<\/div>\n\t\t","protected":false},"excerpt":{"rendered":"<p>Principles relating to the collection of personal data. The visitor&#8217;s personal information is processed in accordance with the provisions of the GDPR of 25 May 2018 on the processing of personal data. Specifically, this means that: Your personal data can only be collected and processed in accordance with the purposes indicated when it is collected. [&hellip;]<\/p>\n","protected":false},"author":1,"featured_media":0,"parent":0,"menu_order":0,"comment_status":"closed","ping_status":"closed","template":"","meta":{"_acf_changed":false,"inline_featured_image":false,"footnotes":""},"class_list":["post-1076","page","type-page","status-publish","hentry"],"acf":[],"yoast_head":"<!-- This site is optimized with the Yoast SEO plugin v24.0 - https:\/\/yoast.com\/wordpress\/plugins\/seo\/ -->\n<title>Privacy Policy - Degotte<\/title>\n<meta name=\"description\" content=\"Privacy Policy - Degotte\" \/>\n<meta name=\"robots\" content=\"index, follow, max-snippet:-1, max-image-preview:large, max-video-preview:-1\" \/>\n<link rel=\"canonical\" href=\"https:\/\/degotte.com\/en\/privacy-policy\/\" \/>\n<meta property=\"og:locale\" content=\"en_US\" \/>\n<meta property=\"og:type\" content=\"article\" \/>\n<meta property=\"og:title\" content=\"Privacy Policy - Degotte\" \/>\n<meta property=\"og:description\" content=\"Privacy Policy - Degotte\" \/>\n<meta property=\"og:url\" content=\"https:\/\/degotte.com\/en\/privacy-policy\/\" \/>\n<meta property=\"og:site_name\" content=\"Degotte\" \/>\n<meta property=\"article:modified_time\" content=\"2023-09-15T09:26:04+00:00\" \/>\n<meta property=\"og:image\" content=\"https:\/\/degotte.com\/wp-content\/uploads\/2022\/11\/degotte-logo.png\" \/>\n\t<meta property=\"og:image:width\" content=\"522\" \/>\n\t<meta property=\"og:image:height\" content=\"134\" \/>\n\t<meta property=\"og:image:type\" content=\"image\/png\" \/>\n<meta name=\"twitter:card\" content=\"summary_large_image\" \/>\n<meta name=\"twitter:label1\" content=\"Est. reading time\" \/>\n\t<meta name=\"twitter:data1\" content=\"6 minutes\" \/>\n<script type=\"application\/ld+json\" class=\"yoast-schema-graph\">{\"@context\":\"https:\/\/schema.org\",\"@graph\":[{\"@type\":\"WebPage\",\"@id\":\"https:\/\/degotte.com\/en\/privacy-policy\/\",\"url\":\"https:\/\/degotte.com\/en\/privacy-policy\/\",\"name\":\"Privacy Policy - Degotte\",\"isPartOf\":{\"@id\":\"https:\/\/degotte.com\/en\/#website\"},\"datePublished\":\"2023-02-24T08:43:28+00:00\",\"dateModified\":\"2023-09-15T09:26:04+00:00\",\"description\":\"Privacy Policy - Degotte\",\"breadcrumb\":{\"@id\":\"https:\/\/degotte.com\/en\/privacy-policy\/#breadcrumb\"},\"inLanguage\":\"en-US\",\"potentialAction\":[{\"@type\":\"ReadAction\",\"target\":[\"https:\/\/degotte.com\/en\/privacy-policy\/\"]}]},{\"@type\":\"BreadcrumbList\",\"@id\":\"https:\/\/degotte.com\/en\/privacy-policy\/#breadcrumb\",\"itemListElement\":[{\"@type\":\"ListItem\",\"position\":1,\"name\":\"Home\",\"item\":\"https:\/\/degotte.com\/en\/\"},{\"@type\":\"ListItem\",\"position\":2,\"name\":\"Privacy Policy\"}]},{\"@type\":\"WebSite\",\"@id\":\"https:\/\/degotte.com\/en\/#website\",\"url\":\"https:\/\/degotte.com\/en\/\",\"name\":\"Degotte\",\"description\":\"Vos nouveaux b\u00e2timents. Ici aujourd\u2019hui. Ici demain.\",\"publisher\":{\"@id\":\"https:\/\/degotte.com\/en\/#organization\"},\"alternateName\":\"Degotte est avec vous de l\u2019accompagnement architectural \u00e0 la r\u00e9alisation de vos b\u00e2timents modulaire\",\"potentialAction\":[{\"@type\":\"SearchAction\",\"target\":{\"@type\":\"EntryPoint\",\"urlTemplate\":\"https:\/\/degotte.com\/en\/?s={search_term_string}\"},\"query-input\":{\"@type\":\"PropertyValueSpecification\",\"valueRequired\":true,\"valueName\":\"search_term_string\"}}],\"inLanguage\":\"en-US\"},{\"@type\":\"Organization\",\"@id\":\"https:\/\/degotte.com\/en\/#organization\",\"name\":\"Degotte\",\"url\":\"https:\/\/degotte.com\/en\/\",\"logo\":{\"@type\":\"ImageObject\",\"inLanguage\":\"en-US\",\"@id\":\"https:\/\/degotte.com\/en\/#\/schema\/logo\/image\/\",\"url\":\"https:\/\/degotte.com\/wp-content\/uploads\/2022\/11\/degotte-logo.png\",\"contentUrl\":\"https:\/\/degotte.com\/wp-content\/uploads\/2022\/11\/degotte-logo.png\",\"width\":522,\"height\":134,\"caption\":\"Degotte\"},\"image\":{\"@id\":\"https:\/\/degotte.com\/en\/#\/schema\/logo\/image\/\"},\"sameAs\":[\"https:\/\/www.linkedin.com\/company\/degotte\/\"]}]}<\/script>\n<!-- \/ Yoast SEO plugin. -->","yoast_head_json":{"title":"Privacy Policy - Degotte","description":"Privacy Policy - Degotte","robots":{"index":"index","follow":"follow","max-snippet":"max-snippet:-1","max-image-preview":"max-image-preview:large","max-video-preview":"max-video-preview:-1"},"canonical":"https:\/\/degotte.com\/en\/privacy-policy\/","og_locale":"en_US","og_type":"article","og_title":"Privacy Policy - Degotte","og_description":"Privacy Policy - Degotte","og_url":"https:\/\/degotte.com\/en\/privacy-policy\/","og_site_name":"Degotte","article_modified_time":"2023-09-15T09:26:04+00:00","og_image":[{"width":522,"height":134,"url":"https:\/\/degotte.com\/wp-content\/uploads\/2022\/11\/degotte-logo.png","type":"image\/png"}],"twitter_card":"summary_large_image","twitter_misc":{"Est. reading time":"6 minutes"},"schema":{"@context":"https:\/\/schema.org","@graph":[{"@type":"WebPage","@id":"https:\/\/degotte.com\/en\/privacy-policy\/","url":"https:\/\/degotte.com\/en\/privacy-policy\/","name":"Privacy Policy - Degotte","isPartOf":{"@id":"https:\/\/degotte.com\/en\/#website"},"datePublished":"2023-02-24T08:43:28+00:00","dateModified":"2023-09-15T09:26:04+00:00","description":"Privacy Policy - Degotte","breadcrumb":{"@id":"https:\/\/degotte.com\/en\/privacy-policy\/#breadcrumb"},"inLanguage":"en-US","potentialAction":[{"@type":"ReadAction","target":["https:\/\/degotte.com\/en\/privacy-policy\/"]}]},{"@type":"BreadcrumbList","@id":"https:\/\/degotte.com\/en\/privacy-policy\/#breadcrumb","itemListElement":[{"@type":"ListItem","position":1,"name":"Home","item":"https:\/\/degotte.com\/en\/"},{"@type":"ListItem","position":2,"name":"Privacy Policy"}]},{"@type":"WebSite","@id":"https:\/\/degotte.com\/en\/#website","url":"https:\/\/degotte.com\/en\/","name":"Degotte","description":"Vos nouveaux b\u00e2timents. Ici aujourd\u2019hui. Ici demain.","publisher":{"@id":"https:\/\/degotte.com\/en\/#organization"},"alternateName":"Degotte est avec vous de l\u2019accompagnement architectural \u00e0 la r\u00e9alisation de vos b\u00e2timents modulaire","potentialAction":[{"@type":"SearchAction","target":{"@type":"EntryPoint","urlTemplate":"https:\/\/degotte.com\/en\/?s={search_term_string}"},"query-input":{"@type":"PropertyValueSpecification","valueRequired":true,"valueName":"search_term_string"}}],"inLanguage":"en-US"},{"@type":"Organization","@id":"https:\/\/degotte.com\/en\/#organization","name":"Degotte","url":"https:\/\/degotte.com\/en\/","logo":{"@type":"ImageObject","inLanguage":"en-US","@id":"https:\/\/degotte.com\/en\/#\/schema\/logo\/image\/","url":"https:\/\/degotte.com\/wp-content\/uploads\/2022\/11\/degotte-logo.png","contentUrl":"https:\/\/degotte.com\/wp-content\/uploads\/2022\/11\/degotte-logo.png","width":522,"height":134,"caption":"Degotte"},"image":{"@id":"https:\/\/degotte.com\/en\/#\/schema\/logo\/image\/"},"sameAs":["https:\/\/www.linkedin.com\/company\/degotte\/"]}]}},"_links":{"self":[{"href":"https:\/\/degotte.com\/en\/wp-json\/wp\/v2\/pages\/1076","targetHints":{"allow":["GET"]}}],"collection":[{"href":"https:\/\/degotte.com\/en\/wp-json\/wp\/v2\/pages"}],"about":[{"href":"https:\/\/degotte.com\/en\/wp-json\/wp\/v2\/types\/page"}],"author":[{"embeddable":true,"href":"https:\/\/degotte.com\/en\/wp-json\/wp\/v2\/users\/1"}],"replies":[{"embeddable":true,"href":"https:\/\/degotte.com\/en\/wp-json\/wp\/v2\/comments?post=1076"}],"version-history":[{"count":4,"href":"https:\/\/degotte.com\/en\/wp-json\/wp\/v2\/pages\/1076\/revisions"}],"predecessor-version":[{"id":8612,"href":"https:\/\/degotte.com\/en\/wp-json\/wp\/v2\/pages\/1076\/revisions\/8612"}],"wp:attachment":[{"href":"https:\/\/degotte.com\/en\/wp-json\/wp\/v2\/media?parent=1076"}],"curies":[{"name":"wp","href":"https:\/\/api.w.org\/{rel}","templated":true}]}}