{"id":8471,"date":"2023-01-25T11:06:00","date_gmt":"2023-01-25T10:06:00","guid":{"rendered":"https:\/\/degotte.com\/kontakt\/"},"modified":"2023-09-13T11:39:21","modified_gmt":"2023-09-13T09:39:21","slug":"kontakt","status":"publish","type":"page","link":"https:\/\/degotte.com\/lu\/kontakt\/","title":{"rendered":"Kontakt"},"content":{"rendered":"\t\t<div data-elementor-type=\"wp-page\" data-elementor-id=\"8471\" class=\"elementor elementor-8471 elementor-838\" data-elementor-post-type=\"page\">\n\t\t\t\t\t\t<section data-dce-background-image-url=\"https:\/\/degotte.com\/wp-content\/uploads\/2023\/01\/cherrydeck-rMILC1PIwM0-unsplash.jpg\" class=\"elementor-section elementor-top-section elementor-element elementor-element-060a91b elementor-section-height-min-height elementor-hidden-mobile elementor-section-boxed elementor-section-height-default elementor-section-items-middle\" data-id=\"060a91b\" data-element_type=\"section\" data-settings=\"{&quot;background_background&quot;:&quot;classic&quot;,&quot;shape_divider_bottom&quot;:&quot;triangle-asymmetrical&quot;}\">\n\t\t\t\t\t<div class=\"elementor-shape elementor-shape-bottom\" data-negative=\"false\">\n\t\t\t<svg xmlns=\"http:\/\/www.w3.org\/2000\/svg\" viewBox=\"0 0 1000 100\" preserveAspectRatio=\"none\">\n\t<path class=\"elementor-shape-fill\" d=\"M738,99l262-93V0H0v5.6L738,99z\"\/>\n<\/svg>\t\t<\/div>\n\t\t\t\t\t<div class=\"elementor-container elementor-column-gap-default\">\n\t\t\t\t\t<div class=\"elementor-column elementor-col-100 elementor-top-column elementor-element elementor-element-6e7fe12\" data-id=\"6e7fe12\" data-element_type=\"column\">\n\t\t\t<div class=\"elementor-widget-wrap elementor-element-populated\">\n\t\t\t\t\t\t<div class=\"elementor-element elementor-element-a6e6a9f elementor-widget elementor-widget-heading\" data-id=\"a6e6a9f\" data-element_type=\"widget\" data-widget_type=\"heading.default\">\n\t\t\t\t<div class=\"elementor-widget-container\">\n\t\t\t<h2 class=\"elementor-heading-title elementor-size-default\">Kontakt<\/h2>\t\t<\/div>\n\t\t\t\t<\/div>\n\t\t\t\t\t<\/div>\n\t\t<\/div>\n\t\t\t\t\t<\/div>\n\t\t<\/section>\n\t\t\t\t<section class=\"elementor-section elementor-top-section elementor-element elementor-element-f80c601 elementor-section-boxed elementor-section-height-default elementor-section-height-default\" data-id=\"f80c601\" data-element_type=\"section\">\n\t\t\t\t\t\t<div class=\"elementor-container elementor-column-gap-default\">\n\t\t\t\t\t<div class=\"elementor-column elementor-col-100 elementor-top-column elementor-element elementor-element-af73ae5\" data-id=\"af73ae5\" data-element_type=\"column\">\n\t\t\t<div class=\"elementor-widget-wrap elementor-element-populated\">\n\t\t\t\t\t\t<section class=\"elementor-section elementor-inner-section elementor-element elementor-element-56adaad elementor-section-boxed elementor-section-height-default elementor-section-height-default\" data-id=\"56adaad\" data-element_type=\"section\">\n\t\t\t\t\t\t<div class=\"elementor-container elementor-column-gap-default\">\n\t\t\t\t\t<div class=\"elementor-column elementor-col-100 elementor-inner-column elementor-element elementor-element-291322d\" data-id=\"291322d\" data-element_type=\"column\">\n\t\t\t<div class=\"elementor-widget-wrap elementor-element-populated\">\n\t\t\t\t\t\t<div class=\"elementor-element elementor-element-c2512f2 elementor-widget__width-auto elementor-widget elementor-widget-heading\" data-id=\"c2512f2\" data-element_type=\"widget\" data-widget_type=\"heading.default\">\n\t\t\t\t<div class=\"elementor-widget-container\">\n\t\t\t<h2 class=\"elementor-heading-title elementor-size-default\">Frot s\u00e9ier eng Offer<\/h2>\t\t<\/div>\n\t\t\t\t<\/div>\n\t\t\t\t<div class=\"elementor-element elementor-element-ebfbf2f elementor-widget elementor-widget-heading\" data-id=\"ebfbf2f\" data-element_type=\"widget\" data-widget_type=\"heading.default\">\n\t\t\t\t<div class=\"elementor-widget-container\">\n\t\t\t<h2 class=\"elementor-heading-title elementor-size-default\">Schw\u00e4tzt mat engem Member vun eiser Gesch\u00e4ftsekipp<\/h2>\t\t<\/div>\n\t\t\t\t<\/div>\n\t\t\t\t<div class=\"elementor-element elementor-element-8727f6a elementor-widget elementor-widget-text-editor\" data-id=\"8727f6a\" data-element_type=\"widget\" data-widget_type=\"text-editor.default\">\n\t\t\t\t<div class=\"elementor-widget-container\">\n\t\t\t\t\t\t\t<p>Mir hunn e Formulaire erstallt, deen Iech erlaabt, eis an 90 Sekonnen all Informatiounen ze ginn, d\u00e9i mir brauchen.<\/p>\n\t\t\t\t\t\t<\/div>\n\t\t\t\t<\/div>\n\t\t\t\t<div class=\"elementor-element elementor-element-92a79e0 elementor-align-left elementor-widget elementor-widget-button\" data-id=\"92a79e0\" data-element_type=\"widget\" data-widget_type=\"button.default\">\n\t\t\t\t<div class=\"elementor-widget-container\">\n\t\t\t\t\t\t\t<div class=\"elementor-button-wrapper\">\n\t\t\t\t\t<a class=\"elementor-button elementor-button-link elementor-size-sm\" href=\"https:\/\/degotte.com\/formulaire-commercial\/\">\n\t\t\t\t\t\t<span class=\"elementor-button-content-wrapper\">\n\t\t\t\t\t\t\t\t\t<span class=\"elementor-button-text\">E Vendeur kontakt\u00e9ieren<\/span>\n\t\t\t\t\t<\/span>\n\t\t\t\t\t<\/a>\n\t\t\t\t<\/div>\n\t\t\t\t\t\t<\/div>\n\t\t\t\t<\/div>\n\t\t\t\t\t<\/div>\n\t\t<\/div>\n\t\t\t\t\t<\/div>\n\t\t<\/section>\n\t\t\t\t<div class=\"elementor-element elementor-element-445e578 elementor-widget elementor-widget-heading\" data-id=\"445e578\" data-element_type=\"widget\" data-widget_type=\"heading.default\">\n\t\t\t\t<div class=\"elementor-widget-container\">\n\t\t\t<h2 class=\"elementor-heading-title elementor-size-default\">Eng Ufro un de SAV sch\u00e9cken<\/h2>\t\t<\/div>\n\t\t\t\t<\/div>\n\t\t\t\t<div class=\"elementor-element elementor-element-380a841 elementor-widget elementor-widget-text-editor\" data-id=\"380a841\" data-element_type=\"widget\" data-widget_type=\"text-editor.default\">\n\t\t\t\t<div class=\"elementor-widget-container\">\n\t\t\t\t\t\t\t<p>Mir h\u00ebllefen Iech, e Projet ze erstellen, dee bei \u00c4r Firma passt.<\/p>\n\t\t\t\t\t\t<\/div>\n\t\t\t\t<\/div>\n\t\t\t\t<div class=\"elementor-element elementor-element-db9d094 elementor-button-align-stretch elementor-widget elementor-widget-form\" data-id=\"db9d094\" data-element_type=\"widget\" data-settings=\"{&quot;step_next_label&quot;:&quot;Next&quot;,&quot;step_previous_label&quot;:&quot;Previous&quot;,&quot;button_width&quot;:&quot;100&quot;,&quot;dce_confirm_dialog_enabled&quot;:&quot;no&quot;,&quot;step_type&quot;:&quot;number_text&quot;,&quot;step_icon_shape&quot;:&quot;circle&quot;,&quot;label_icon_size&quot;:{&quot;unit&quot;:&quot;px&quot;,&quot;size&quot;:&quot;&quot;,&quot;sizes&quot;:[]},&quot;field_icon_size&quot;:{&quot;unit&quot;:&quot;px&quot;,&quot;size&quot;:&quot;&quot;,&quot;sizes&quot;:[]}}\" data-widget_type=\"form.default\">\n\t\t\t\t<div class=\"elementor-widget-container\">\n\t\t\t\t\t<form class=\"elementor-form\" method=\"post\" name=\"SAV\">\n\t\t\t<input type=\"hidden\" name=\"post_id\" value=\"8471\"\/>\n\t\t\t<input type=\"hidden\" name=\"form_id\" value=\"db9d094\"\/>\n\t\t\t<input type=\"hidden\" name=\"referer_title\" value=\"Degotte\" \/>\n\n\t\t\t\n\t\t\t<div class=\"elementor-form-fields-wrapper elementor-labels-above\">\n\t\t\t\t\t\t\t\t<div class=\"elementor-field-type-text elementor-field-group elementor-column elementor-field-group-name elementor-col-100 elementor-field-required\">\n\t\t\t\t\t\t\t\t\t\t\t\t\t<input size=\"1\" type=\"text\" name=\"form_fields[name]\" id=\"form-field-name\" class=\"elementor-field elementor-size-sm  elementor-field-textual\" placeholder=\"Numm\" required=\"required\" aria-required=\"true\">\n\t\t\t\t\t\t\t\t\t\t\t<\/div>\n\t\t\t\t\t\t\t\t<div class=\"elementor-field-type-text elementor-field-group elementor-column elementor-field-group-field_00eecdd elementor-col-100\">\n\t\t\t\t\t\t\t\t\t\t\t\t\t<input size=\"1\" type=\"text\" name=\"form_fields[field_00eecdd]\" id=\"form-field-field_00eecdd\" class=\"elementor-field elementor-size-sm  elementor-field-textual\" placeholder=\"Firma\">\n\t\t\t\t\t\t\t\t\t\t\t<\/div>\n\t\t\t\t\t\t\t\t<div class=\"elementor-field-type-text elementor-field-group elementor-column elementor-field-group-field_0b3dfd5 elementor-col-100\">\n\t\t\t\t\t\t\t\t\t\t\t\t\t<input size=\"1\" type=\"text\" name=\"form_fields[field_0b3dfd5]\" id=\"form-field-field_0b3dfd5\" class=\"elementor-field elementor-size-sm  elementor-field-textual\" placeholder=\"Adress vun der Firma\">\n\t\t\t\t\t\t\t\t\t\t\t<\/div>\n\t\t\t\t\t\t\t\t<div class=\"elementor-field-type-text elementor-field-group elementor-column elementor-field-group-field_e00e419 elementor-col-50\">\n\t\t\t\t\t\t\t\t\t\t\t\t\t<input size=\"1\" type=\"text\" name=\"form_fields[field_e00e419]\" id=\"form-field-field_e00e419\" class=\"elementor-field elementor-size-sm  elementor-field-textual\" placeholder=\"Gemeng\">\n\t\t\t\t\t\t\t\t\t\t\t<\/div>\n\t\t\t\t\t\t\t\t<div class=\"elementor-field-type-number elementor-field-group elementor-column elementor-field-group-field_db5e3a2 elementor-col-50\">\n\t\t\t\t\t\t\t\t<input type=\"number\" name=\"form_fields[field_db5e3a2]\" id=\"form-field-field_db5e3a2\" class=\"elementor-field elementor-size-sm  elementor-field-textual\" placeholder=\"Postleitzuel\" min=\"1000\" max=\"9999\" >\n\t\t\t\t\t\t<\/div>\n\t\t\t\t\t\t\t\t<div class=\"elementor-field-type-number elementor-field-group elementor-column elementor-field-group-field_a6c3578 elementor-col-100\">\n\t\t\t\t\t\t\t\t<input type=\"number\" name=\"form_fields[field_a6c3578]\" id=\"form-field-field_a6c3578\" class=\"elementor-field elementor-size-sm  elementor-field-textual\" placeholder=\"Telefon\" min=\"\" max=\"\" >\n\t\t\t\t\t\t<\/div>\n\t\t\t\t\t\t\t\t<div class=\"elementor-field-type-email elementor-field-group elementor-column elementor-field-group-email elementor-col-100 elementor-field-required\">\n\t\t\t\t\t\t\t\t\t\t\t\t\t<input size=\"1\" type=\"email\" name=\"form_fields[email]\" id=\"form-field-email\" class=\"elementor-field elementor-size-sm  elementor-field-textual\" placeholder=\"E-mail\" required=\"required\" aria-required=\"true\">\n\t\t\t\t\t\t\t\t\t\t\t<\/div>\n\t\t\t\t\t\t\t\t<div class=\"elementor-field-type-html elementor-field-group elementor-column elementor-field-group-field_639fecb elementor-col-100\">\n\t\t\t\t\t<br>\t\t\t\t<\/div>\n\t\t\t\t\t\t\t\t<div class=\"elementor-field-type-text elementor-field-group elementor-column elementor-field-group-field_ea8cbe4 elementor-col-100 elementor-field-required\">\n\t\t\t\t\t\t\t\t\t\t\t\t\t<input size=\"1\" type=\"text\" name=\"form_fields[field_ea8cbe4]\" id=\"form-field-field_ea8cbe4\" class=\"elementor-field elementor-size-sm  elementor-field-textual\" placeholder=\"Adress, wou sech d\u2019Mod\u00fclle befannen\" required=\"required\" aria-required=\"true\">\n\t\t\t\t\t\t\t\t\t\t\t<\/div>\n\t\t\t\t\t\t\t\t<div class=\"elementor-field-type-text elementor-field-group elementor-column elementor-field-group-field_b08fc08 elementor-col-50 elementor-field-required\">\n\t\t\t\t\t\t\t\t\t\t\t\t\t<input size=\"1\" type=\"text\" name=\"form_fields[field_b08fc08]\" id=\"form-field-field_b08fc08\" class=\"elementor-field elementor-size-sm  elementor-field-textual\" placeholder=\"Gemeng\" required=\"required\" aria-required=\"true\">\n\t\t\t\t\t\t\t\t\t\t\t<\/div>\n\t\t\t\t\t\t\t\t<div class=\"elementor-field-type-number elementor-field-group elementor-column elementor-field-group-field_e864288 elementor-col-50 elementor-field-required\">\n\t\t\t\t\t\t\t\t<input type=\"number\" name=\"form_fields[field_e864288]\" id=\"form-field-field_e864288\" class=\"elementor-field elementor-size-sm  elementor-field-textual\" placeholder=\"Postleitzuel\" required=\"required\" aria-required=\"true\" min=\"1000\" max=\"9999\" >\n\t\t\t\t\t\t<\/div>\n\t\t\t\t\t\t\t\t<div class=\"elementor-field-type-number elementor-field-group elementor-column elementor-field-group-field_400e810 elementor-col-100 elementor-field-required\">\n\t\t\t\t\t\t\t\t<input type=\"number\" name=\"form_fields[field_400e810]\" id=\"form-field-field_400e810\" class=\"elementor-field elementor-size-sm  elementor-field-textual\" placeholder=\"Liwwerjoer vun de Mod\u00fcllen\" required=\"required\" aria-required=\"true\" min=\"\" max=\"\" >\n\t\t\t\t\t\t<\/div>\n\t\t\t\t\t\t\t\t<div class=\"elementor-field-type-html elementor-field-group elementor-column elementor-field-group-field_1e6a348 elementor-col-100\">\n\t\t\t\t\t<br>\t\t\t\t<\/div>\n\t\t\t\t\t\t\t\t<div class=\"elementor-field-type-html elementor-field-group elementor-column elementor-field-group-field_c590eef elementor-col-100\">\n\t\t\t\t\t<br>\t\t\t\t<\/div>\n\t\t\t\t\t\t\t\t<div class=\"elementor-field-type-textarea elementor-field-group elementor-column elementor-field-group-message elementor-col-100 elementor-field-required\">\n\t\t\t\t\t<textarea class=\"elementor-field-textual elementor-field  elementor-size-sm\" name=\"form_fields[message]\" id=\"form-field-message\" rows=\"6\" placeholder=\"Noriicht\" required=\"required\" aria-required=\"true\"><\/textarea>\t\t\t\t<\/div>\n\t\t\t\t\t\t\t\t<div class=\"elementor-field-type-upload elementor-field-group elementor-column elementor-field-group-field_52c0031 elementor-col-100 elementor-field-required\">\n\t\t\t\t\t\t\t\t\t\t\t\t<label for=\"form-field-field_52c0031\" class=\"elementor-field-label\">\n\t\t\t\t\t\t\t\tPlang \/ Datei \/ Bild (pdf, png, jpg - 10mo max\/datei)\t\t\t\t\t\t\t<\/label>\n\t\t\t\t\t\t\t\t<input type=\"file\" name=\"form_fields[field_52c0031][]\" id=\"form-field-field_52c0031\" class=\"elementor-field elementor-size-sm  elementor-upload-field\" required=\"required\" aria-required=\"true\" multiple=\"multiple\" data-maxsize=\"10\" data-maxsize-message=\"This file exceeds the maximum allowed size.\">\n\n\t\t\t\t\t\t<\/div>\n\t\t\t\t\t\t\t\t<div class=\"elementor-field-type-html elementor-field-group elementor-column elementor-field-group-field_74bb1dd elementor-col-100\">\n\t\t\t\t\t<br>\t\t\t\t<\/div>\n\t\t\t\t\t\t\t\t<div class=\"elementor-field-type-recaptcha_v3 elementor-field-group elementor-column elementor-field-group-field_8b0fdf5 elementor-col-100 recaptcha_v3-bottomright\">\n\t\t\t\t\t<div class=\"elementor-field\" id=\"form-field-field_8b0fdf5\"><div class=\"elementor-g-recaptcha\" data-sitekey=\"6LeAITUlAAAAAE34YjP_FT1SN8kCeAqxqT72hv62\" data-type=\"v3\" data-action=\"Form\" data-badge=\"bottomright\" data-size=\"invisible\"><\/div><\/div>\t\t\t\t<\/div>\n\t\t\t\t\t\t\t\t<div class=\"elementor-field-group elementor-column elementor-field-type-submit elementor-col-100 e-form__buttons\">\n\t\t\t\t\t<button class=\"elementor-button elementor-size-sm\" type=\"submit\">\n\t\t\t\t\t\t<span class=\"elementor-button-content-wrapper\">\n\t\t\t\t\t\t\t\t\t\t\t\t\t\t\t\t\t\t\t\t\t\t<span class=\"elementor-button-text\">Send<\/span>\n\t\t\t\t\t\t\t\t\t\t\t\t\t<\/span>\n\t\t\t\t\t<\/button>\n\t\t\t\t<\/div>\n\t\t\t<\/div>\n\t\t<\/form>\n\t\t\t\t<\/div>\n\t\t\t\t<\/div>\n\t\t\t\t\t<\/div>\n\t\t<\/div>\n\t\t\t\t\t<\/div>\n\t\t<\/section>\n\t\t\t\t<\/div>\n\t\t","protected":false},"excerpt":{"rendered":"<p>Kontakt Frot s\u00e9ier eng Offer Schw\u00e4tzt mat engem Member vun eiser Gesch\u00e4ftsekipp Mir hunn e Formulaire erstallt, deen Iech erlaabt, eis an 90 Sekonnen all Informatiounen ze ginn, d\u00e9i mir brauchen. E Vendeur kontakt\u00e9ieren Eng Ufro un de SAV sch\u00e9cken Mir h\u00ebllefen Iech, e Projet ze erstellen, dee bei \u00c4r Firma passt.<\/p>\n","protected":false},"author":1,"featured_media":0,"parent":0,"menu_order":0,"comment_status":"closed","ping_status":"closed","template":"","meta":{"_acf_changed":false,"inline_featured_image":false,"footnotes":""},"class_list":["post-8471","page","type-page","status-publish","hentry"],"acf":[],"yoast_head":"<!-- This site is optimized with the Yoast SEO plugin v24.0 - https:\/\/yoast.com\/wordpress\/plugins\/seo\/ -->\n<title>Kontakt - Degotte<\/title>\n<meta name=\"description\" content=\"Kontakt - Degotte\" \/>\n<meta name=\"robots\" content=\"index, follow, max-snippet:-1, max-image-preview:large, max-video-preview:-1\" \/>\n<link rel=\"canonical\" href=\"https:\/\/degotte.com\/lu\/kontakt\/\" \/>\n<meta property=\"og:locale\" content=\"en_US\" \/>\n<meta property=\"og:type\" content=\"article\" \/>\n<meta property=\"og:title\" content=\"Kontakt - Degotte\" \/>\n<meta property=\"og:description\" content=\"Kontakt - Degotte\" \/>\n<meta property=\"og:url\" content=\"https:\/\/degotte.com\/lu\/kontakt\/\" \/>\n<meta property=\"og:site_name\" content=\"Degotte\" \/>\n<meta property=\"article:modified_time\" content=\"2023-09-13T09:39:21+00:00\" \/>\n<meta property=\"og:image\" content=\"https:\/\/degotte.com\/wp-content\/uploads\/2022\/11\/degotte-logo.png\" \/>\n\t<meta property=\"og:image:width\" content=\"522\" \/>\n\t<meta property=\"og:image:height\" content=\"134\" \/>\n\t<meta property=\"og:image:type\" content=\"image\/png\" \/>\n<meta name=\"twitter:card\" content=\"summary_large_image\" \/>\n<script type=\"application\/ld+json\" class=\"yoast-schema-graph\">{\"@context\":\"https:\/\/schema.org\",\"@graph\":[{\"@type\":\"WebPage\",\"@id\":\"https:\/\/degotte.com\/lu\/kontakt\/\",\"url\":\"https:\/\/degotte.com\/lu\/kontakt\/\",\"name\":\"Kontakt - Degotte\",\"isPartOf\":{\"@id\":\"https:\/\/degotte.com\/lu\/#website\"},\"datePublished\":\"2023-01-25T10:06:00+00:00\",\"dateModified\":\"2023-09-13T09:39:21+00:00\",\"description\":\"Kontakt - Degotte\",\"breadcrumb\":{\"@id\":\"https:\/\/degotte.com\/lu\/kontakt\/#breadcrumb\"},\"inLanguage\":\"lu-LU\",\"potentialAction\":[{\"@type\":\"ReadAction\",\"target\":[\"https:\/\/degotte.com\/lu\/kontakt\/\"]}]},{\"@type\":\"BreadcrumbList\",\"@id\":\"https:\/\/degotte.com\/lu\/kontakt\/#breadcrumb\",\"itemListElement\":[{\"@type\":\"ListItem\",\"position\":1,\"name\":\"Home\",\"item\":\"https:\/\/degotte.com\/lu\/\"},{\"@type\":\"ListItem\",\"position\":2,\"name\":\"Kontakt\"}]},{\"@type\":\"WebSite\",\"@id\":\"https:\/\/degotte.com\/lu\/#website\",\"url\":\"https:\/\/degotte.com\/lu\/\",\"name\":\"Degotte\",\"description\":\"Vos nouveaux b\u00e2timents. Ici aujourd\u2019hui. Ici demain.\",\"publisher\":{\"@id\":\"https:\/\/degotte.com\/lu\/#organization\"},\"alternateName\":\"Degotte est avec vous de l\u2019accompagnement architectural \u00e0 la r\u00e9alisation de vos b\u00e2timents modulaire\",\"potentialAction\":[{\"@type\":\"SearchAction\",\"target\":{\"@type\":\"EntryPoint\",\"urlTemplate\":\"https:\/\/degotte.com\/lu\/?s={search_term_string}\"},\"query-input\":{\"@type\":\"PropertyValueSpecification\",\"valueRequired\":true,\"valueName\":\"search_term_string\"}}],\"inLanguage\":\"lu-LU\"},{\"@type\":\"Organization\",\"@id\":\"https:\/\/degotte.com\/lu\/#organization\",\"name\":\"Degotte\",\"url\":\"https:\/\/degotte.com\/lu\/\",\"logo\":{\"@type\":\"ImageObject\",\"inLanguage\":\"lu-LU\",\"@id\":\"https:\/\/degotte.com\/lu\/#\/schema\/logo\/image\/\",\"url\":\"https:\/\/degotte.com\/wp-content\/uploads\/2022\/11\/degotte-logo.png\",\"contentUrl\":\"https:\/\/degotte.com\/wp-content\/uploads\/2022\/11\/degotte-logo.png\",\"width\":522,\"height\":134,\"caption\":\"Degotte\"},\"image\":{\"@id\":\"https:\/\/degotte.com\/lu\/#\/schema\/logo\/image\/\"},\"sameAs\":[\"https:\/\/www.linkedin.com\/company\/degotte\/\"]}]}<\/script>\n<!-- \/ Yoast SEO plugin. -->","yoast_head_json":{"title":"Kontakt - Degotte","description":"Kontakt - Degotte","robots":{"index":"index","follow":"follow","max-snippet":"max-snippet:-1","max-image-preview":"max-image-preview:large","max-video-preview":"max-video-preview:-1"},"canonical":"https:\/\/degotte.com\/lu\/kontakt\/","og_locale":"en_US","og_type":"article","og_title":"Kontakt - Degotte","og_description":"Kontakt - Degotte","og_url":"https:\/\/degotte.com\/lu\/kontakt\/","og_site_name":"Degotte","article_modified_time":"2023-09-13T09:39:21+00:00","og_image":[{"width":522,"height":134,"url":"https:\/\/degotte.com\/wp-content\/uploads\/2022\/11\/degotte-logo.png","type":"image\/png"}],"twitter_card":"summary_large_image","schema":{"@context":"https:\/\/schema.org","@graph":[{"@type":"WebPage","@id":"https:\/\/degotte.com\/lu\/kontakt\/","url":"https:\/\/degotte.com\/lu\/kontakt\/","name":"Kontakt - Degotte","isPartOf":{"@id":"https:\/\/degotte.com\/lu\/#website"},"datePublished":"2023-01-25T10:06:00+00:00","dateModified":"2023-09-13T09:39:21+00:00","description":"Kontakt - Degotte","breadcrumb":{"@id":"https:\/\/degotte.com\/lu\/kontakt\/#breadcrumb"},"inLanguage":"lu-LU","potentialAction":[{"@type":"ReadAction","target":["https:\/\/degotte.com\/lu\/kontakt\/"]}]},{"@type":"BreadcrumbList","@id":"https:\/\/degotte.com\/lu\/kontakt\/#breadcrumb","itemListElement":[{"@type":"ListItem","position":1,"name":"Home","item":"https:\/\/degotte.com\/lu\/"},{"@type":"ListItem","position":2,"name":"Kontakt"}]},{"@type":"WebSite","@id":"https:\/\/degotte.com\/lu\/#website","url":"https:\/\/degotte.com\/lu\/","name":"Degotte","description":"Vos nouveaux b\u00e2timents. Ici aujourd\u2019hui. Ici demain.","publisher":{"@id":"https:\/\/degotte.com\/lu\/#organization"},"alternateName":"Degotte est avec vous de l\u2019accompagnement architectural \u00e0 la r\u00e9alisation de vos b\u00e2timents modulaire","potentialAction":[{"@type":"SearchAction","target":{"@type":"EntryPoint","urlTemplate":"https:\/\/degotte.com\/lu\/?s={search_term_string}"},"query-input":{"@type":"PropertyValueSpecification","valueRequired":true,"valueName":"search_term_string"}}],"inLanguage":"lu-LU"},{"@type":"Organization","@id":"https:\/\/degotte.com\/lu\/#organization","name":"Degotte","url":"https:\/\/degotte.com\/lu\/","logo":{"@type":"ImageObject","inLanguage":"lu-LU","@id":"https:\/\/degotte.com\/lu\/#\/schema\/logo\/image\/","url":"https:\/\/degotte.com\/wp-content\/uploads\/2022\/11\/degotte-logo.png","contentUrl":"https:\/\/degotte.com\/wp-content\/uploads\/2022\/11\/degotte-logo.png","width":522,"height":134,"caption":"Degotte"},"image":{"@id":"https:\/\/degotte.com\/lu\/#\/schema\/logo\/image\/"},"sameAs":["https:\/\/www.linkedin.com\/company\/degotte\/"]}]}},"_links":{"self":[{"href":"https:\/\/degotte.com\/lu\/wp-json\/wp\/v2\/pages\/8471","targetHints":{"allow":["GET"]}}],"collection":[{"href":"https:\/\/degotte.com\/lu\/wp-json\/wp\/v2\/pages"}],"about":[{"href":"https:\/\/degotte.com\/lu\/wp-json\/wp\/v2\/types\/page"}],"author":[{"embeddable":true,"href":"https:\/\/degotte.com\/lu\/wp-json\/wp\/v2\/users\/1"}],"replies":[{"embeddable":true,"href":"https:\/\/degotte.com\/lu\/wp-json\/wp\/v2\/comments?post=8471"}],"version-history":[{"count":1,"href":"https:\/\/degotte.com\/lu\/wp-json\/wp\/v2\/pages\/8471\/revisions"}],"predecessor-version":[{"id":8472,"href":"https:\/\/degotte.com\/lu\/wp-json\/wp\/v2\/pages\/8471\/revisions\/8472"}],"wp:attachment":[{"href":"https:\/\/degotte.com\/lu\/wp-json\/wp\/v2\/media?parent=8471"}],"curies":[{"name":"wp","href":"https:\/\/api.w.org\/{rel}","templated":true}]}}